{"id":70,"date":"2026-01-23T09:03:13","date_gmt":"2026-01-23T08:03:13","guid":{"rendered":"https:\/\/www.training.annahein.at\/?page_id=70"},"modified":"2026-01-30T22:11:37","modified_gmt":"2026-01-30T21:11:37","slug":"biografie","status":"publish","type":"page","link":"https:\/\/www.annahein.at\/en\/biografie\/","title":{"rendered":"Biography"},"content":{"rendered":"<div data-elementor-type=\"wp-page\" data-elementor-id=\"70\" class=\"elementor elementor-70\" data-elementor-post-type=\"page\">\n\t\t\t\t<div class=\"elementor-element elementor-element-1b08e27 e-flex e-con-boxed e-con e-parent\" data-id=\"1b08e27\" data-element_type=\"container\">\n\t\t\t\t\t<div class=\"e-con-inner\">\n\t\t\t\t<div class=\"elementor-element elementor-element-705d23b elementor-widget elementor-widget-shortcode\" data-id=\"705d23b\" data-element_type=\"widget\" data-widget_type=\"shortcode.default\">\n\t\t\t\t<div class=\"elementor-widget-container\">\n\t\t\t\t\t\t\t<div class=\"elementor-shortcode\"><div class=\"trp-shortcode-switcher__wrapper\"\r\n     style=\"--bg:#ffffff;--bg-hover:#0000000d;--text:#575757;--text-hover:#1d2327;--border:1px solid #1438521a;--border-width:1px;--border-color:#1438521a;--border-radius:5px;--flag-radius:2px;--flag-size:18px;--aspect-ratio:4\/3;--font-size:14px;--transition-duration:0.2s\"\r\n     role=\"group\"\r\n     data-open-mode=\"hover\">\r\n\r\n    \r\n        <!-- Opposite mode: render ONLY the in-flow (relative) element so it holds space -->\r\n        <div class=\"trp-language-switcher trp-ls-dropdown trp-shortcode-switcher trp-shortcode-anchor trp-open-on-hover trp-opposite-button\"\r\n             role=\"navigation\"\r\n             aria-label=\"Website language selector\"\r\n             data-no-translation>\r\n                <div class=\"trp-current-language-item__wrapper trp-hide-arrow\">\r\n        <a class=\"trp-language-item trp-language-item__default\" data-no-translation href=\"https:\/\/www.annahein.at\/en\/wp-json\/wp\/v2\/pages\/70\" title=\"DE\"><span class=\"trp-language-item-name\">DE<\/span><\/a>            <\/div>\r\n            <\/div>\r\n\r\n    <\/div>\r\n<\/div>\n\t\t\t\t\t\t<\/div>\n\t\t\t\t<\/div>\n\t\t\t\t\t<\/div>\n\t\t\t\t<\/div>\n\t\t<div class=\"elementor-element elementor-element-d2a0010 e-grid e-con-boxed e-con e-parent\" data-id=\"d2a0010\" data-element_type=\"container\">\n\t\t\t\t\t<div class=\"e-con-inner\">\n\t\t\t\t<div class=\"elementor-element elementor-element-df0a95e elementor-widget elementor-widget-heading\" data-id=\"df0a95e\" data-element_type=\"widget\" data-widget_type=\"heading.default\">\n\t\t\t\t<div class=\"elementor-widget-container\">\n\t\t\t\t\t<h1 class=\"elementor-heading-title elementor-size-default\">Biography long<\/h1>\t\t\t\t<\/div>\n\t\t\t\t<\/div>\n\t\t\t\t<div class=\"elementor-element elementor-element-a81ca9c elementor-widget elementor-widget-heading\" data-id=\"a81ca9c\" data-element_type=\"widget\" data-widget_type=\"heading.default\">\n\t\t\t\t<div class=\"elementor-widget-container\">\n\t\t\t\t\t<h4 class=\"elementor-heading-title elementor-size-default\"><a href=\"#kurz\">to the short biography<\/a><\/h4>\t\t\t\t<\/div>\n\t\t\t\t<\/div>\n\t\t\t\t\t<\/div>\n\t\t\t\t<\/div>\n\t\t<div class=\"elementor-element elementor-element-66b2d8f e-flex e-con-boxed e-con e-parent\" data-id=\"66b2d8f\" data-element_type=\"container\">\n\t\t\t\t\t<div class=\"e-con-inner\">\n\t\t\t\t<div class=\"elementor-element elementor-element-d571fda elementor-widget elementor-widget-text-editor\" data-id=\"d571fda\" data-element_type=\"widget\" data-widget_type=\"text-editor.default\">\n\t\t\t\t<div class=\"elementor-widget-container\">\n\t\t\t\t\t\t\t\t\t<p>Anna Hein, born in Graz and raised in Carinthia and Vienna, is a multi-award-winning international dancer and choreographer. She is the artistic director of the \u201eLong Night of Dance\u201c at the CCB - Choreographic Centre Bleiburg\/Pliberk. She has been organising the successful annual format, which takes place in various cities in the Alps-Adriatic tri-border region of Austria-Slovenia-Italy, since 2013. She also supports the BMWKMS (Federal Ministry of Housing, Arts, Culture, Media and Sport) in its responsible decisions as an arts advisor for the performing arts.<\/p><p>She trained in classical ballet at the Vienna State Opera and gained contemporary dance experience at danceWEB\/ImPulsTanz in Vienna (with Jorma Uotinen and Ismael Ivo, among others), the Venice Biennale (with Carolyn Carlson, Josef Nagy and Wim Vandekeybus, among others) and the Trisha Brown Company in New York. In 1998, she took on her first engagement at the Innsbruck State Theatre. After winning the Tyrolean State Theatre and Carinthian State Prize for Performing Arts, she was named Young Dancer of the Year in the dance magazine balletttanz international. From 2004, she was a member of the Belgian company Charleroi Danses, where she performed as a creative dancer in the globally successful dance\/architecture series <em>body-city<\/em>\u00a0by Fr\u00e9d\u00e9ric Flamand with the architects Zaha Hadid and Thom Mayne. Guest appearances in theatre and festival productions at home and abroad followed. She danced under renowned choreographers such as Elio Gervasi, Johann Kresnik, Jochen Ulrich, Mei Hong Lin, Jean Renshaw, Eric Trottier and many more, and always loved being a dancer at SiWiC in Zurich under the direction of Nigel Charnock and Susanne Linke - an exciting international Swiss training programme for young choreographers. During a lengthy work-related knee injury, her focus increasingly shifted to creating her own choreographies, dance projects for children and young people and teaching classical ballet, contemporary dance, Peak Pilates and movement training for actors.<\/p><p>She created her first choreographic commissions for Tanzherbst Feldkirch, Swarovski Kristallwelten, Tolentini-Kreuzgang-Venedig, MMKK Klagenfurt and neuebuenevillach, among others. She increasingly swapped the conventional stage for other spaces and favoured open-air experiments. She created further choreographies such as\u00a0<em>blanche<\/em>, inspired by Per Olov Enquist's view of the figure of Marie Curie,\u00a0<em>the tower<\/em>, a staging of the historic diving tower in Millstatt,\u00a0<em>the swimmer<\/em>\u00a0in co-operation with Josef Winkler,\u00a0<em>hidden senses<\/em>\u00a0with the Danish band Afenginn,\u00a0<em>painted and danced<\/em>\u00a0with the music band Aufstrich as part of the Carinthian Summer music festival. She deliberately created all of these pieces with live musicians, most of whom were closely involved in the stage action.<br \/>Anna Hein also found interest in collaborations with theatre directors: She created further choreographies for, among others\u00a0<em>Prezih's dream<\/em>\u00a0with Bernd Liepold-Mosser,\u00a0<em>BeingElse\u00a0<\/em>with Rachelle Nkou,\u00a0<em>Having to live<\/em>\u00a0with Johann Kresnik,\u00a0<em>Beet.Symph.Five<\/em>\u00a0with Ernst Kurt Weigel and the memorial project and\u00a0<em>now<\/em>\u00a0by Peter Wagner\/Clemens Berger.<\/p><p>Her own choreographic interest is currently dance and music-dance-video productions in co-operation with the Finnish-Swedish composer Kim Nyberg\/Afenginn. Besides her dance and choreographic career, Anna has always had a great passion for passing on the joy of dance by teaching dance workshops in different dance styles - depending on the needs and level of the participants.<\/p>\t\t\t\t\t\t\t\t<\/div>\n\t\t\t\t<\/div>\n\t\t\t\t\t<\/div>\n\t\t\t\t<\/div>\n\t\t<div class=\"elementor-element elementor-element-b0aafd5 e-flex e-con-boxed e-con e-parent\" data-id=\"b0aafd5\" data-element_type=\"container\">\n\t\t\t\t\t<div class=\"e-con-inner\">\n\t\t\t\t<div class=\"elementor-element elementor-element-b60eeac elementor-widget elementor-widget-menu-anchor\" data-id=\"b60eeac\" data-element_type=\"widget\" data-widget_type=\"menu-anchor.default\">\n\t\t\t\t<div class=\"elementor-widget-container\">\n\t\t\t\t\t\t\t<div class=\"elementor-menu-anchor\" id=\"kurz\"><\/div>\n\t\t\t\t\t\t<\/div>\n\t\t\t\t<\/div>\n\t\t\t\t\t<\/div>\n\t\t\t\t<\/div>\n\t\t<div class=\"elementor-element elementor-element-a2f05d0 e-flex e-con-boxed e-con e-parent\" data-id=\"a2f05d0\" data-element_type=\"container\">\n\t\t\t\t\t<div class=\"e-con-inner\">\n\t\t\t\t<div class=\"elementor-element elementor-element-0c7c644 elementor-widget elementor-widget-heading\" data-id=\"0c7c644\" data-element_type=\"widget\" data-widget_type=\"heading.default\">\n\t\t\t\t<div class=\"elementor-widget-container\">\n\t\t\t\t\t<h2 class=\"elementor-heading-title elementor-size-default\">Biography short<\/h2>\t\t\t\t<\/div>\n\t\t\t\t<\/div>\n\t\t\t\t\t<\/div>\n\t\t\t\t<\/div>\n\t\t<div class=\"elementor-element elementor-element-1cde4a1 e-flex e-con-boxed e-con e-parent\" data-id=\"1cde4a1\" data-element_type=\"container\">\n\t\t\t\t\t<div class=\"e-con-inner\">\n\t\t\t\t<div class=\"elementor-element elementor-element-6c939e1 elementor-widget elementor-widget-text-editor\" data-id=\"6c939e1\" data-element_type=\"widget\" data-widget_type=\"text-editor.default\">\n\t\t\t\t<div class=\"elementor-widget-container\">\n\t\t\t\t\t\t\t\t\t<p>Anna Hein, who grew up in Carinthia\/Austria, is an award-winning dancer and choreographer. Trained at the Vienna State Opera, her dance career has taken her to the Tyrolean State Theatre, the Venice Biennale, Trisha Brown in New York and Charleroi Danses in Brussels. She has been a guest in numerous theatre and festival productions at home and abroad. Since 2013, she has directed the \u201eLong Night of Dance\u201c at the CCB Choreographic Centre Bleiburg\/Pliberk and supports the Austrian Federal Ministry of Arts and Culture as a dance advisor. Her current artistic focus is<span style=\"font-kerning: none; color: #0e0e0e; -webkit-text-stroke-color: #0e0e0e;\">\u00a0Collaboration with the Finnish-Swedish composer Kim Nyberg and his band<em>\u00a0Afenginn<\/em> for dance and music video productions in the foreground.<\/span><\/p>\t\t\t\t\t\t\t\t<\/div>\n\t\t\t\t<\/div>\n\t\t\t\t\t<\/div>\n\t\t\t\t<\/div>\n\t\t\t\t<\/div>","protected":false},"excerpt":{"rendered":"<p>Biografie lang zur kurzen Biografie Anna Hein, geb\u00fcrtige Grazerin, aufgewachsen in K\u00e4rnten und Wien, ist mehrfach ausgezeichnete, internationale T\u00e4nzerin und [&hellip;]<\/p>","protected":false},"author":1,"featured_media":0,"parent":0,"menu_order":0,"comment_status":"closed","ping_status":"closed","template":"","meta":{"site-sidebar-layout":"no-sidebar","site-content-layout":"","ast-site-content-layout":"full-width-container","site-content-style":"default","site-sidebar-style":"default","ast-global-header-display":"","ast-banner-title-visibility":"","ast-main-header-display":"","ast-hfb-above-header-display":"","ast-hfb-below-header-display":"","ast-hfb-mobile-header-display":"","site-post-title":"disabled","ast-breadcrumbs-content":"","ast-featured-img":"disabled","footer-sml-layout":"","ast-disable-related-posts":"","theme-transparent-header-meta":"","adv-header-id-meta":"","stick-header-meta":"","header-above-stick-meta":"","header-main-stick-meta":"","header-below-stick-meta":"","astra-migrate-meta-layouts":"default","ast-page-background-enabled":"default","ast-page-background-meta":{"desktop":{"background-color":"var(--ast-global-color-5)","background-image":"","background-repeat":"repeat","background-position":"center center","background-size":"auto","background-attachment":"scroll","background-type":"","background-media":"","overlay-type":"","overlay-color":"","overlay-opacity":"","overlay-gradient":""},"tablet":{"background-color":"","background-image":"","background-repeat":"repeat","background-position":"center center","background-size":"auto","background-attachment":"scroll","background-type":"","background-media":"","overlay-type":"","overlay-color":"","overlay-opacity":"","overlay-gradient":""},"mobile":{"background-color":"","background-image":"","background-repeat":"repeat","background-position":"center center","background-size":"auto","background-attachment":"scroll","background-type":"","background-media":"","overlay-type":"","overlay-color":"","overlay-opacity":"","overlay-gradient":""}},"ast-content-background-meta":{"desktop":{"background-color":"var(--ast-global-color-4)","background-image":"","background-repeat":"repeat","background-position":"center center","background-size":"auto","background-attachment":"scroll","background-type":"","background-media":"","overlay-type":"","overlay-color":"","overlay-opacity":"","overlay-gradient":""},"tablet":{"background-color":"var(--ast-global-color-4)","background-image":"","background-repeat":"repeat","background-position":"center center","background-size":"auto","background-attachment":"scroll","background-type":"","background-media":"","overlay-type":"","overlay-color":"","overlay-opacity":"","overlay-gradient":""},"mobile":{"background-color":"var(--ast-global-color-4)","background-image":"","background-repeat":"repeat","background-position":"center center","background-size":"auto","background-attachment":"scroll","background-type":"","background-media":"","overlay-type":"","overlay-color":"","overlay-opacity":"","overlay-gradient":""}},"iawp_total_views":53,"footnotes":""},"class_list":["post-70","page","type-page","status-publish","hentry"],"yoast_head":"<!-- This site is optimized with the Yoast SEO Premium plugin v27.2 (Yoast SEO v27.2) - https:\/\/yoast.com\/product\/yoast-seo-premium-wordpress\/ -->\n<title>Biografie - Anna Hein<\/title>\n<meta name=\"robots\" content=\"index, follow, max-snippet:-1, max-image-preview:large, max-video-preview:-1\" \/>\n<link rel=\"canonical\" href=\"https:\/\/www.annahein.at\/en\/biografie\/\" \/>\n<meta property=\"og:locale\" content=\"en_GB\" \/>\n<meta property=\"og:type\" content=\"article\" \/>\n<meta property=\"og:title\" content=\"Biografie\" \/>\n<meta property=\"og:description\" content=\"Biografie lang zur kurzen Biografie Anna Hein, geb\u00fcrtige Grazerin, aufgewachsen in K\u00e4rnten und Wien, ist mehrfach ausgezeichnete, internationale T\u00e4nzerin und [&hellip;]\" \/>\n<meta property=\"og:url\" content=\"https:\/\/www.annahein.at\/en\/biografie\/\" \/>\n<meta property=\"og:site_name\" content=\"Anna Hein\" \/>\n<meta property=\"article:modified_time\" content=\"2026-01-30T21:11:37+00:00\" \/>\n<meta property=\"og:image\" content=\"https:\/\/www.annahein.at\/wp-content\/uploads\/2026\/01\/04-Small.jpg\" \/>\n\t<meta property=\"og:image:width\" content=\"479\" \/>\n\t<meta property=\"og:image:height\" content=\"480\" \/>\n\t<meta property=\"og:image:type\" content=\"image\/jpeg\" \/>\n<script type=\"application\/ld+json\" class=\"yoast-schema-graph\">{\"@context\":\"https:\/\/schema.org\",\"@graph\":[{\"@type\":\"WebPage\",\"@id\":\"https:\/\/www.annahein.at\/biografie\/\",\"url\":\"https:\/\/www.annahein.at\/biografie\/\",\"name\":\"Biografie - Anna Hein\",\"isPartOf\":{\"@id\":\"https:\/\/www.annahein.at\/#website\"},\"datePublished\":\"2026-01-23T08:03:13+00:00\",\"dateModified\":\"2026-01-30T21:11:37+00:00\",\"breadcrumb\":{\"@id\":\"https:\/\/www.annahein.at\/biografie\/#breadcrumb\"},\"inLanguage\":\"en-GB\",\"potentialAction\":[{\"@type\":\"ReadAction\",\"target\":[\"https:\/\/www.annahein.at\/biografie\/\"]}]},{\"@type\":\"BreadcrumbList\",\"@id\":\"https:\/\/www.annahein.at\/biografie\/#breadcrumb\",\"itemListElement\":[{\"@type\":\"ListItem\",\"position\":1,\"name\":\"Start\",\"item\":\"https:\/\/www.annahein.at\/\"},{\"@type\":\"ListItem\",\"position\":2,\"name\":\"Biografie\"}]},{\"@type\":\"WebSite\",\"@id\":\"https:\/\/www.annahein.at\/#website\",\"url\":\"https:\/\/www.annahein.at\/\",\"name\":\"Anna Hein\",\"description\":\"T\u00e4nzerin-Choreographin-Trainerin\",\"publisher\":{\"@id\":\"https:\/\/www.annahein.at\/#\/schema\/person\/cc1d3163ddf911ef4026556cbda2db29\"},\"potentialAction\":[{\"@type\":\"SearchAction\",\"target\":{\"@type\":\"EntryPoint\",\"urlTemplate\":\"https:\/\/www.annahein.at\/?s={search_term_string}\"},\"query-input\":{\"@type\":\"PropertyValueSpecification\",\"valueRequired\":true,\"valueName\":\"search_term_string\"}}],\"inLanguage\":\"en-GB\"},{\"@type\":[\"Person\",\"Organization\"],\"@id\":\"https:\/\/www.annahein.at\/#\/schema\/person\/cc1d3163ddf911ef4026556cbda2db29\",\"name\":\"annahein\",\"image\":{\"@type\":\"ImageObject\",\"inLanguage\":\"en-GB\",\"@id\":\"https:\/\/secure.gravatar.com\/avatar\/baa08c84545d5175097b1899a9f6178421d71772d771e95dce65ef66157323ce?s=96&d=mm&r=g\",\"url\":\"https:\/\/secure.gravatar.com\/avatar\/baa08c84545d5175097b1899a9f6178421d71772d771e95dce65ef66157323ce?s=96&d=mm&r=g\",\"contentUrl\":\"https:\/\/secure.gravatar.com\/avatar\/baa08c84545d5175097b1899a9f6178421d71772d771e95dce65ef66157323ce?s=96&d=mm&r=g\",\"caption\":\"annahein\"},\"logo\":{\"@id\":\"https:\/\/secure.gravatar.com\/avatar\/baa08c84545d5175097b1899a9f6178421d71772d771e95dce65ef66157323ce?s=96&d=mm&r=g\"},\"sameAs\":[\"https:\/\/www.annahein.at\"]}]}<\/script>\n<!-- \/ Yoast SEO Premium plugin. -->","yoast_head_json":{"title":"Biografie - Anna Hein","robots":{"index":"index","follow":"follow","max-snippet":"max-snippet:-1","max-image-preview":"max-image-preview:large","max-video-preview":"max-video-preview:-1"},"canonical":"https:\/\/www.annahein.at\/en\/biografie\/","og_locale":"en_GB","og_type":"article","og_title":"Biografie","og_description":"Biografie lang zur kurzen Biografie Anna Hein, geb\u00fcrtige Grazerin, aufgewachsen in K\u00e4rnten und Wien, ist mehrfach ausgezeichnete, internationale T\u00e4nzerin und [&hellip;]","og_url":"https:\/\/www.annahein.at\/en\/biografie\/","og_site_name":"Anna Hein","article_modified_time":"2026-01-30T21:11:37+00:00","og_image":[{"width":479,"height":480,"url":"https:\/\/www.annahein.at\/wp-content\/uploads\/2026\/01\/04-Small.jpg","type":"image\/jpeg"}],"schema":{"@context":"https:\/\/schema.org","@graph":[{"@type":"WebPage","@id":"https:\/\/www.annahein.at\/biografie\/","url":"https:\/\/www.annahein.at\/biografie\/","name":"Biografie - Anna Hein","isPartOf":{"@id":"https:\/\/www.annahein.at\/#website"},"datePublished":"2026-01-23T08:03:13+00:00","dateModified":"2026-01-30T21:11:37+00:00","breadcrumb":{"@id":"https:\/\/www.annahein.at\/biografie\/#breadcrumb"},"inLanguage":"en-GB","potentialAction":[{"@type":"ReadAction","target":["https:\/\/www.annahein.at\/biografie\/"]}]},{"@type":"BreadcrumbList","@id":"https:\/\/www.annahein.at\/biografie\/#breadcrumb","itemListElement":[{"@type":"ListItem","position":1,"name":"Start","item":"https:\/\/www.annahein.at\/"},{"@type":"ListItem","position":2,"name":"Biografie"}]},{"@type":"WebSite","@id":"https:\/\/www.annahein.at\/#website","url":"https:\/\/www.annahein.at\/","name":"Anna Hein","description":"Dancer-Choreographer-Trainer","publisher":{"@id":"https:\/\/www.annahein.at\/#\/schema\/person\/cc1d3163ddf911ef4026556cbda2db29"},"potentialAction":[{"@type":"SearchAction","target":{"@type":"EntryPoint","urlTemplate":"https:\/\/www.annahein.at\/?s={search_term_string}"},"query-input":{"@type":"PropertyValueSpecification","valueRequired":true,"valueName":"search_term_string"}}],"inLanguage":"en-GB"},{"@type":["Person","Organization"],"@id":"https:\/\/www.annahein.at\/#\/schema\/person\/cc1d3163ddf911ef4026556cbda2db29","name":"almost","image":{"@type":"ImageObject","inLanguage":"en-GB","@id":"https:\/\/secure.gravatar.com\/avatar\/baa08c84545d5175097b1899a9f6178421d71772d771e95dce65ef66157323ce?s=96&d=mm&r=g","url":"https:\/\/secure.gravatar.com\/avatar\/baa08c84545d5175097b1899a9f6178421d71772d771e95dce65ef66157323ce?s=96&d=mm&r=g","contentUrl":"https:\/\/secure.gravatar.com\/avatar\/baa08c84545d5175097b1899a9f6178421d71772d771e95dce65ef66157323ce?s=96&d=mm&r=g","caption":"annahein"},"logo":{"@id":"https:\/\/secure.gravatar.com\/avatar\/baa08c84545d5175097b1899a9f6178421d71772d771e95dce65ef66157323ce?s=96&d=mm&r=g"},"sameAs":["https:\/\/www.annahein.at"]}]}},"_links":{"self":[{"href":"https:\/\/www.annahein.at\/en\/wp-json\/wp\/v2\/pages\/70","targetHints":{"allow":["GET"]}}],"collection":[{"href":"https:\/\/www.annahein.at\/en\/wp-json\/wp\/v2\/pages"}],"about":[{"href":"https:\/\/www.annahein.at\/en\/wp-json\/wp\/v2\/types\/page"}],"author":[{"embeddable":true,"href":"https:\/\/www.annahein.at\/en\/wp-json\/wp\/v2\/users\/1"}],"replies":[{"embeddable":true,"href":"https:\/\/www.annahein.at\/en\/wp-json\/wp\/v2\/comments?post=70"}],"version-history":[{"count":38,"href":"https:\/\/www.annahein.at\/en\/wp-json\/wp\/v2\/pages\/70\/revisions"}],"predecessor-version":[{"id":622,"href":"https:\/\/www.annahein.at\/en\/wp-json\/wp\/v2\/pages\/70\/revisions\/622"}],"wp:attachment":[{"href":"https:\/\/www.annahein.at\/en\/wp-json\/wp\/v2\/media?parent=70"}],"curies":[{"name":"wp","href":"https:\/\/api.w.org\/{rel}","templated":true}]}}